{"id":491,"date":"2025-09-09T12:16:45","date_gmt":"2025-02-04T14:59:31","guid":{"rendered":"https:\/\/innovahorsecare.com\/registro\/"},"modified":"2026-02-11T11:28:47","modified_gmt":"2026-02-11T11:28:47","slug":"registro","status":"publish","type":"page","link":"https:\/\/innovahorsecare.com\/escuela-podologia-equina-espana\/registro\/","title":{"rendered":"Registro"},"content":{"rendered":"\t\t<div data-elementor-type=\"wp-page\" data-elementor-id=\"491\" class=\"elementor elementor-491\">\n\t\t\t\t\t\t<section class=\"elementor-section elementor-top-section elementor-element elementor-element-65d003b2 elementor-section-boxed elementor-section-height-default elementor-section-height-default\" data-id=\"65d003b2\" data-element_type=\"section\" data-e-type=\"section\">\n\t\t\t\t\t\t<div class=\"elementor-container elementor-column-gap-default\">\n\t\t\t\t\t<div class=\"elementor-column elementor-col-100 elementor-top-column elementor-element elementor-element-5a3742a6\" data-id=\"5a3742a6\" data-element_type=\"column\" data-e-type=\"column\">\n\t\t\t<div class=\"elementor-widget-wrap elementor-element-populated\">\n\t\t\t\t\t\t<div class=\"elementor-element elementor-element-58b7936c elementor-widget elementor-widget-text-editor\" data-id=\"58b7936c\" data-element_type=\"widget\" data-e-type=\"widget\" data-widget_type=\"text-editor.default\">\n\t\t\t\t<div class=\"elementor-widget-container\">\n\t\t\t\t\t\t\t\t\t<p><strong>INNOVA <\/strong>HORSE CARE<\/p>\t\t\t\t\t\t\t\t<\/div>\n\t\t\t\t<\/div>\n\t\t\t\t\t<\/div>\n\t\t<\/div>\n\t\t\t\t\t<\/div>\n\t\t<\/section>\n\t\t\t\t<section class=\"elementor-section elementor-top-section elementor-element elementor-element-1ed73ec elementor-section-boxed elementor-section-height-default elementor-section-height-default\" data-id=\"1ed73ec\" data-element_type=\"section\" data-e-type=\"section\" data-settings=\"{&quot;background_background&quot;:&quot;classic&quot;}\">\n\t\t\t\t\t\t<div class=\"elementor-container elementor-column-gap-default\">\n\t\t\t\t\t<div class=\"elementor-column elementor-col-100 elementor-top-column elementor-element elementor-element-5e30aa66\" data-id=\"5e30aa66\" data-element_type=\"column\" data-e-type=\"column\">\n\t\t\t<div class=\"elementor-widget-wrap elementor-element-populated\">\n\t\t\t\t\t\t<div class=\"elementor-element elementor-element-2de72a44 elementor-widget elementor-widget-text-editor\" data-id=\"2de72a44\" data-element_type=\"widget\" data-e-type=\"widget\" data-widget_type=\"text-editor.default\">\n\t\t\t\t<div class=\"elementor-widget-container\">\n\t\t\t\t\t\t\t\t\t<div id=\"section-1635186100930\" data-section-id=\"1635186100930\"><div class=\"section background-light \" data-reveal-event=\"\" data-reveal-offset=\"\" data-reveal-units=\"seconds\"><div class=\"sizer \"><div class=\"container \"><div class=\"row align-items-center justify-content-center\"><div id=\"block-1664191415884\" class=\" block-type--text text-left col-6 \" data-reveal-event=\"\" data-reveal-offset=\"\" data-reveal-units=\"seconds\"><div class=\"block box-shadow-none background-unrecognized aos-init aos-animate\" data-aos=\"none\" data-aos-delay=\"0\" data-aos-duration=\"0\"><p style=\"text-align: center;\"><strong><span class=\"fe5nidar khvhiq1o r5qsrrlp i5tg98hk f9ovudaz przvwfww gx1rr48f gfz4du6o r7fjleex nz2484kf svot0ezm dcnh1tix sxl192xd t3g6t33p\"><span class=\"mpj7bzys xzlurrtv\">\ud83d\udc0e<\/span><\/span>\u00a1 V\u00eddeo Solo Para Profesionales de la Podolog\u00eda Equina y Aspirantes a Pod\u00f3logo Equino !<span class=\"fe5nidar khvhiq1o r5qsrrlp i5tg98hk f9ovudaz przvwfww gx1rr48f gfz4du6o r7fjleex nz2484kf svot0ezm dcnh1tix sxl192xd t3g6t33p\"><span class=\"mpj7bzys xzlurrtv\">\ud83d\udc0e<\/span><\/span><\/strong><\/p><\/div><\/div><\/div><\/div><\/div><\/div><\/div>\t\t\t\t\t\t\t\t<\/div>\n\t\t\t\t<\/div>\n\t\t\t\t<div class=\"elementor-element elementor-element-413ecef0 elementor-widget elementor-widget-heading\" data-id=\"413ecef0\" data-element_type=\"widget\" data-e-type=\"widget\" data-widget_type=\"heading.default\">\n\t\t\t\t<div class=\"elementor-widget-container\">\n\t\t\t\t\t<h2 class=\"elementor-heading-title elementor-size-default\">C\u00f3mo ser un Profesional de la Podolog\u00eda Equina destacado, aprender un oficio de futuro gracias a la utilizaci\u00f3n de un sistema de medici\u00f3n de la posici\u00f3n de la 3\u00aa falange , el M\u00e9todo 4M\u00ae<\/h2>\t\t\t\t<\/div>\n\t\t\t\t<\/div>\n\t\t\t\t\t<\/div>\n\t\t<\/div>\n\t\t\t\t\t<\/div>\n\t\t<\/section>\n\t\t\t\t<section class=\"elementor-section elementor-top-section elementor-element elementor-element-31847d61 elementor-section-boxed elementor-section-height-default elementor-section-height-default\" data-id=\"31847d61\" data-element_type=\"section\" data-e-type=\"section\">\n\t\t\t\t\t\t<div class=\"elementor-container elementor-column-gap-default\">\n\t\t\t\t\t<div class=\"elementor-column elementor-col-100 elementor-top-column elementor-element elementor-element-585ffec8\" data-id=\"585ffec8\" data-element_type=\"column\" data-e-type=\"column\">\n\t\t\t<div class=\"elementor-widget-wrap\">\n\t\t\t\t\t\t\t<\/div>\n\t\t<\/div>\n\t\t\t\t\t<\/div>\n\t\t<\/section>\n\t\t\t\t<section class=\"elementor-section elementor-top-section elementor-element elementor-element-3f778552 elementor-section-boxed elementor-section-height-default elementor-section-height-default\" data-id=\"3f778552\" data-element_type=\"section\" data-e-type=\"section\">\n\t\t\t\t\t\t<div class=\"elementor-container elementor-column-gap-default\">\n\t\t\t\t\t<div class=\"elementor-column elementor-col-50 elementor-top-column elementor-element elementor-element-1487e3c3\" data-id=\"1487e3c3\" data-element_type=\"column\" data-e-type=\"column\">\n\t\t\t<div class=\"elementor-widget-wrap elementor-element-populated\">\n\t\t\t\t\t\t<div class=\"elementor-element elementor-element-6a3c5746 elementor-widget elementor-widget-image\" data-id=\"6a3c5746\" data-element_type=\"widget\" data-e-type=\"widget\" data-widget_type=\"image.default\">\n\t\t\t\t<div class=\"elementor-widget-container\">\n\t\t\t\t\t\t\t\t\t\t\t\t\t\t\t\t<a href=\"https:\/\/marcferrador.activehosted.com\/f\/3\">\n\t\t\t\t\t\t\t<img fetchpriority=\"high\" decoding=\"async\" width=\"640\" height=\"360\" src=\"https:\/\/innovahorsecare.com\/wp-content\/uploads\/2025\/03\/foto-webinar-play-1024x576.jpg\" class=\"attachment-large size-large wp-image-781\" alt=\"\" srcset=\"https:\/\/innovahorsecare.com\/wp-content\/uploads\/2025\/03\/foto-webinar-play-1024x576.jpg 1024w, https:\/\/innovahorsecare.com\/wp-content\/uploads\/2025\/03\/foto-webinar-play-300x169.jpg 300w, https:\/\/innovahorsecare.com\/wp-content\/uploads\/2025\/03\/foto-webinar-play-768x432.jpg 768w, https:\/\/innovahorsecare.com\/wp-content\/uploads\/2025\/03\/foto-webinar-play-100x56.jpg 100w, https:\/\/innovahorsecare.com\/wp-content\/uploads\/2025\/03\/foto-webinar-play-1536x864.jpg 1536w, https:\/\/innovahorsecare.com\/wp-content\/uploads\/2025\/03\/foto-webinar-play-600x338.jpg 600w, https:\/\/innovahorsecare.com\/wp-content\/uploads\/2025\/03\/foto-webinar-play-800x450.jpg 800w, https:\/\/innovahorsecare.com\/wp-content\/uploads\/2025\/03\/foto-webinar-play.jpg 1920w\" sizes=\"(max-width: 640px) 100vw, 640px\" \/>\t\t\t\t\t\t\t\t<\/a>\n\t\t\t\t\t\t\t\t\t\t\t\t\t\t\t<\/div>\n\t\t\t\t<\/div>\n\t\t\t\t\t<\/div>\n\t\t<\/div>\n\t\t\t\t<div class=\"elementor-column elementor-col-50 elementor-top-column elementor-element elementor-element-2579b2d6\" data-id=\"2579b2d6\" data-element_type=\"column\" data-e-type=\"column\">\n\t\t\t<div class=\"elementor-widget-wrap elementor-element-populated\">\n\t\t\t\t\t\t<div class=\"elementor-element elementor-element-b4cc8fa elementor-icon-list--layout-traditional elementor-list-item-link-full_width elementor-widget elementor-widget-icon-list\" data-id=\"b4cc8fa\" data-element_type=\"widget\" data-e-type=\"widget\" data-widget_type=\"icon-list.default\">\n\t\t\t\t<div class=\"elementor-widget-container\">\n\t\t\t\t\t\t\t<ul class=\"elementor-icon-list-items\">\n\t\t\t\t\t\t\t<li class=\"elementor-icon-list-item\">\n\t\t\t\t\t\t\t\t\t\t\t<span class=\"elementor-icon-list-icon\">\n\t\t\t\t\t\t\t<svg aria-hidden=\"true\" class=\"e-font-icon-svg e-fas-check\" viewBox=\"0 0 512 512\" xmlns=\"http:\/\/www.w3.org\/2000\/svg\"><path d=\"M173.898 439.404l-166.4-166.4c-9.997-9.997-9.997-26.206 0-36.204l36.203-36.204c9.997-9.998 26.207-9.998 36.204 0L192 312.69 432.095 72.596c9.997-9.997 26.207-9.997 36.204 0l36.203 36.204c9.997 9.997 9.997 26.206 0 36.204l-294.4 294.401c-9.998 9.997-26.207 9.997-36.204-.001z\"><\/path><\/svg>\t\t\t\t\t\t<\/span>\n\t\t\t\t\t\t\t\t\t\t<span class=\"elementor-icon-list-text\">Sin tener que recurrir a medios tradicionales, ayudando al m\u00e1ximo el caballo cuando a\u00fan se puede evitar la cojera.<\/span>\n\t\t\t\t\t\t\t\t\t<\/li>\n\t\t\t\t\t\t\t\t<li class=\"elementor-icon-list-item\">\n\t\t\t\t\t\t\t\t\t\t\t<span class=\"elementor-icon-list-icon\">\n\t\t\t\t\t\t\t<svg aria-hidden=\"true\" class=\"e-font-icon-svg e-fas-check\" viewBox=\"0 0 512 512\" xmlns=\"http:\/\/www.w3.org\/2000\/svg\"><path d=\"M173.898 439.404l-166.4-166.4c-9.997-9.997-9.997-26.206 0-36.204l36.203-36.204c9.997-9.998 26.207-9.998 36.204 0L192 312.69 432.095 72.596c9.997-9.997 26.207-9.997 36.204 0l36.203 36.204c9.997 9.997 9.997 26.206 0 36.204l-294.4 294.401c-9.998 9.997-26.207 9.997-36.204-.001z\"><\/path><\/svg>\t\t\t\t\t\t<\/span>\n\t\t\t\t\t\t\t\t\t\t<span class=\"elementor-icon-list-text\">Sin tener que invertir en equipamiento caro.<\/span>\n\t\t\t\t\t\t\t\t\t<\/li>\n\t\t\t\t\t\t\t\t<li class=\"elementor-icon-list-item\">\n\t\t\t\t\t\t\t\t\t\t\t<span class=\"elementor-icon-list-icon\">\n\t\t\t\t\t\t\t<svg aria-hidden=\"true\" class=\"e-font-icon-svg e-fas-check\" viewBox=\"0 0 512 512\" xmlns=\"http:\/\/www.w3.org\/2000\/svg\"><path d=\"M173.898 439.404l-166.4-166.4c-9.997-9.997-9.997-26.206 0-36.204l36.203-36.204c9.997-9.998 26.207-9.998 36.204 0L192 312.69 432.095 72.596c9.997-9.997 26.207-9.997 36.204 0l36.203 36.204c9.997 9.997 9.997 26.206 0 36.204l-294.4 294.401c-9.998 9.997-26.207 9.997-36.204-.001z\"><\/path><\/svg>\t\t\t\t\t\t<\/span>\n\t\t\t\t\t\t\t\t\t\t<span class=\"elementor-icon-list-text\">Pudiendo  ejecutar este m\u00e9todo f\u00e1cil de aplicar  ayudando a los caballos de tus clientes en solo 2 mantenimientos.<\/span>\n\t\t\t\t\t\t\t\t\t<\/li>\n\t\t\t\t\t\t<\/ul>\n\t\t\t\t\t\t<\/div>\n\t\t\t\t<\/div>\n\t\t\t\t<div class=\"elementor-element elementor-element-59dc6a5b elementor-widget elementor-widget-text-editor\" data-id=\"59dc6a5b\" data-element_type=\"widget\" data-e-type=\"widget\" data-widget_type=\"text-editor.default\">\n\t\t\t\t<div class=\"elementor-widget-container\">\n\t\t\t\t\t\t\t\t\t<p>Con un sistema con el que te Garantizamos Resultados. \ud83d\udd8a\ufe0f<\/p>\t\t\t\t\t\t\t\t<\/div>\n\t\t\t\t<\/div>\n\t\t\t\t<div class=\"elementor-element elementor-element-7ad93d02 elementor-align-center elementor-widget elementor-widget-button\" data-id=\"7ad93d02\" data-element_type=\"widget\" data-e-type=\"widget\" data-widget_type=\"button.default\">\n\t\t\t\t<div class=\"elementor-widget-container\">\n\t\t\t\t\t\t\t\t\t<div class=\"elementor-button-wrapper\">\n\t\t\t\t\t<a class=\"elementor-button elementor-button-link elementor-size-xl\" href=\"https:\/\/marcferrador.activehosted.com\/f\/3\">\n\t\t\t\t\t\t<span class=\"elementor-button-content-wrapper\">\n\t\t\t\t\t\t\t\t\t<span class=\"elementor-button-text\">QUIERO VERLO AHORA<\/span>\n\t\t\t\t\t<\/span>\n\t\t\t\t\t<\/a>\n\t\t\t\t<\/div>\n\t\t\t\t\t\t\t\t<\/div>\n\t\t\t\t<\/div>\n\t\t\t\t\t<\/div>\n\t\t<\/div>\n\t\t\t\t\t<\/div>\n\t\t<\/section>\n\t\t\t\t<\/div>\n\t\t","protected":false},"excerpt":{"rendered":"<p>INNOVA HORSE CARE \ud83d\udc0e\u00a1 V\u00eddeo Solo Para Profesionales de la Podolog\u00eda Equina y Aspirantes a Pod\u00f3logo Equino !\ud83d\udc0e C\u00f3mo ser un Profesional de la Podolog\u00eda Equina destacado, aprender un oficio de futuro gracias a la utilizaci\u00f3n de un sistema de medici\u00f3n de la posici\u00f3n de la 3\u00aa falange , el M\u00e9todo 4M\u00ae Sin tener que [&hellip;]<\/p>\n","protected":false},"author":2,"featured_media":0,"parent":0,"menu_order":0,"comment_status":"closed","ping_status":"closed","template":"","meta":{"inline_featured_image":false,"two_page_speed":[],"footnotes":""},"class_list":["post-491","page","type-page","status-publish","hentry"],"yoast_head":"<!-- This site is optimized with the Yoast SEO plugin v27.6 - https:\/\/yoast.com\/product\/yoast-seo-wordpress\/ -->\n<title>Registro - Innova Horse Care<\/title>\n<meta name=\"robots\" content=\"noindex, nofollow\" \/>\n<meta property=\"og:locale\" content=\"es_ES\" \/>\n<meta property=\"og:type\" content=\"article\" \/>\n<meta property=\"og:title\" content=\"Registro - Innova Horse Care\" \/>\n<meta property=\"og:description\" content=\"INNOVA HORSE CARE \ud83d\udc0e\u00a1 V\u00eddeo Solo Para Profesionales de la Podolog\u00eda Equina y Aspirantes a Pod\u00f3logo Equino !\ud83d\udc0e C\u00f3mo ser un Profesional de la Podolog\u00eda Equina destacado, aprender un oficio de futuro gracias a la utilizaci\u00f3n de un sistema de medici\u00f3n de la posici\u00f3n de la 3\u00aa falange , el M\u00e9todo 4M\u00ae Sin tener que [&hellip;]\" \/>\n<meta property=\"og:url\" content=\"https:\/\/innovahorsecare.com\/escuela-podologia-equina-espana\/registro\/\" \/>\n<meta property=\"og:site_name\" content=\"Innova Horse Care\" \/>\n<meta property=\"article:publisher\" content=\"https:\/\/www.facebook.com\/profile.php?id=100068337276144&amp;sk=about\" \/>\n<meta property=\"article:modified_time\" content=\"2026-02-11T11:28:47+00:00\" \/>\n<meta property=\"og:image\" content=\"https:\/\/innovahorsecare.com\/wp-content\/uploads\/2025\/03\/foto-webinar-play-1024x576.jpg\" \/>\n<meta name=\"twitter:card\" content=\"summary_large_image\" \/>\n<meta name=\"twitter:label1\" content=\"Tiempo de lectura\" \/>\n\t<meta name=\"twitter:data1\" content=\"6 minutos\" \/>\n<script type=\"application\/ld+json\" class=\"yoast-schema-graph\">{\"@context\":\"https:\\\/\\\/schema.org\",\"@graph\":[{\"@type\":\"WebPage\",\"@id\":\"https:\\\/\\\/innovahorsecare.com\\\/escuela-podologia-equina-espana\\\/registro\\\/\",\"url\":\"https:\\\/\\\/innovahorsecare.com\\\/escuela-podologia-equina-espana\\\/registro\\\/\",\"name\":\"Registro - Innova Horse Care\",\"isPartOf\":{\"@id\":\"https:\\\/\\\/innovahorsecare.com\\\/escuela-podologia-equina-espana\\\/#website\"},\"primaryImageOfPage\":{\"@id\":\"https:\\\/\\\/innovahorsecare.com\\\/escuela-podologia-equina-espana\\\/registro\\\/#primaryimage\"},\"image\":{\"@id\":\"https:\\\/\\\/innovahorsecare.com\\\/escuela-podologia-equina-espana\\\/registro\\\/#primaryimage\"},\"thumbnailUrl\":\"https:\\\/\\\/innovahorsecare.com\\\/wp-content\\\/uploads\\\/2025\\\/03\\\/foto-webinar-play-1024x576.jpg\",\"datePublished\":\"2025-02-04T14:59:31+00:00\",\"dateModified\":\"2026-02-11T11:28:47+00:00\",\"breadcrumb\":{\"@id\":\"https:\\\/\\\/innovahorsecare.com\\\/escuela-podologia-equina-espana\\\/registro\\\/#breadcrumb\"},\"inLanguage\":\"es\",\"potentialAction\":[{\"@type\":\"ReadAction\",\"target\":[\"https:\\\/\\\/innovahorsecare.com\\\/escuela-podologia-equina-espana\\\/registro\\\/\"]}]},{\"@type\":\"ImageObject\",\"inLanguage\":\"es\",\"@id\":\"https:\\\/\\\/innovahorsecare.com\\\/escuela-podologia-equina-espana\\\/registro\\\/#primaryimage\",\"url\":\"https:\\\/\\\/innovahorsecare.com\\\/wp-content\\\/uploads\\\/2025\\\/03\\\/foto-webinar-play-1024x576.jpg\",\"contentUrl\":\"https:\\\/\\\/innovahorsecare.com\\\/wp-content\\\/uploads\\\/2025\\\/03\\\/foto-webinar-play-1024x576.jpg\"},{\"@type\":\"BreadcrumbList\",\"@id\":\"https:\\\/\\\/innovahorsecare.com\\\/escuela-podologia-equina-espana\\\/registro\\\/#breadcrumb\",\"itemListElement\":[{\"@type\":\"ListItem\",\"position\":1,\"name\":\"Portada\",\"item\":\"https:\\\/\\\/innovahorsecare.com\\\/escuela-podologia-equina-espana\\\/\"},{\"@type\":\"ListItem\",\"position\":2,\"name\":\"Registro\"}]},{\"@type\":\"WebSite\",\"@id\":\"https:\\\/\\\/innovahorsecare.com\\\/escuela-podologia-equina-espana\\\/#website\",\"url\":\"https:\\\/\\\/innovahorsecare.com\\\/escuela-podologia-equina-espana\\\/\",\"name\":\"Innova Horse Care\",\"description\":\"Escuela de Podolog\u00eda Equina\",\"publisher\":{\"@id\":\"https:\\\/\\\/innovahorsecare.com\\\/escuela-podologia-equina-espana\\\/#organization\"},\"potentialAction\":[{\"@type\":\"SearchAction\",\"target\":{\"@type\":\"EntryPoint\",\"urlTemplate\":\"https:\\\/\\\/innovahorsecare.com\\\/escuela-podologia-equina-espana\\\/?s={search_term_string}\"},\"query-input\":{\"@type\":\"PropertyValueSpecification\",\"valueRequired\":true,\"valueName\":\"search_term_string\"}}],\"inLanguage\":\"es\"},{\"@type\":\"Organization\",\"@id\":\"https:\\\/\\\/innovahorsecare.com\\\/escuela-podologia-equina-espana\\\/#organization\",\"name\":\"Innova Horse Care S.L.\",\"url\":\"https:\\\/\\\/innovahorsecare.com\\\/escuela-podologia-equina-espana\\\/\",\"logo\":{\"@type\":\"ImageObject\",\"inLanguage\":\"es\",\"@id\":\"https:\\\/\\\/innovahorsecare.com\\\/escuela-podologia-equina-espana\\\/#\\\/schema\\\/logo\\\/image\\\/\",\"url\":\"https:\\\/\\\/innovahorsecare.com\\\/wp-content\\\/uploads\\\/2025\\\/02\\\/logo-quadrat.jpg\",\"contentUrl\":\"https:\\\/\\\/innovahorsecare.com\\\/wp-content\\\/uploads\\\/2025\\\/02\\\/logo-quadrat.jpg\",\"width\":500,\"height\":500,\"caption\":\"Innova Horse Care S.L.\"},\"image\":{\"@id\":\"https:\\\/\\\/innovahorsecare.com\\\/escuela-podologia-equina-espana\\\/#\\\/schema\\\/logo\\\/image\\\/\"},\"sameAs\":[\"https:\\\/\\\/www.facebook.com\\\/profile.php?id=100068337276144&sk=about\",\"https:\\\/\\\/www.tiktok.com\\\/@marcsaca75?is_from_webapp=1&sender_device=pc\",\"https:\\\/\\\/www.instagram.com\\\/innova.horsecare\\\/\"]}]}<\/script>\n<!-- \/ Yoast SEO plugin. -->","yoast_head_json":{"title":"Registro - Innova Horse Care","robots":{"index":"noindex","follow":"nofollow"},"og_locale":"es_ES","og_type":"article","og_title":"Registro - Innova Horse Care","og_description":"INNOVA HORSE CARE \ud83d\udc0e\u00a1 V\u00eddeo Solo Para Profesionales de la Podolog\u00eda Equina y Aspirantes a Pod\u00f3logo Equino !\ud83d\udc0e C\u00f3mo ser un Profesional de la Podolog\u00eda Equina destacado, aprender un oficio de futuro gracias a la utilizaci\u00f3n de un sistema de medici\u00f3n de la posici\u00f3n de la 3\u00aa falange , el M\u00e9todo 4M\u00ae Sin tener que [&hellip;]","og_url":"https:\/\/innovahorsecare.com\/escuela-podologia-equina-espana\/registro\/","og_site_name":"Innova Horse Care","article_publisher":"https:\/\/www.facebook.com\/profile.php?id=100068337276144&sk=about","article_modified_time":"2026-02-11T11:28:47+00:00","og_image":[{"url":"https:\/\/innovahorsecare.com\/wp-content\/uploads\/2025\/03\/foto-webinar-play-1024x576.jpg","type":"","width":"","height":""}],"twitter_card":"summary_large_image","twitter_misc":{"Tiempo de lectura":"6 minutos"},"schema":{"@context":"https:\/\/schema.org","@graph":[{"@type":"WebPage","@id":"https:\/\/innovahorsecare.com\/escuela-podologia-equina-espana\/registro\/","url":"https:\/\/innovahorsecare.com\/escuela-podologia-equina-espana\/registro\/","name":"Registro - Innova Horse Care","isPartOf":{"@id":"https:\/\/innovahorsecare.com\/escuela-podologia-equina-espana\/#website"},"primaryImageOfPage":{"@id":"https:\/\/innovahorsecare.com\/escuela-podologia-equina-espana\/registro\/#primaryimage"},"image":{"@id":"https:\/\/innovahorsecare.com\/escuela-podologia-equina-espana\/registro\/#primaryimage"},"thumbnailUrl":"https:\/\/innovahorsecare.com\/wp-content\/uploads\/2025\/03\/foto-webinar-play-1024x576.jpg","datePublished":"2025-02-04T14:59:31+00:00","dateModified":"2026-02-11T11:28:47+00:00","breadcrumb":{"@id":"https:\/\/innovahorsecare.com\/escuela-podologia-equina-espana\/registro\/#breadcrumb"},"inLanguage":"es","potentialAction":[{"@type":"ReadAction","target":["https:\/\/innovahorsecare.com\/escuela-podologia-equina-espana\/registro\/"]}]},{"@type":"ImageObject","inLanguage":"es","@id":"https:\/\/innovahorsecare.com\/escuela-podologia-equina-espana\/registro\/#primaryimage","url":"https:\/\/innovahorsecare.com\/wp-content\/uploads\/2025\/03\/foto-webinar-play-1024x576.jpg","contentUrl":"https:\/\/innovahorsecare.com\/wp-content\/uploads\/2025\/03\/foto-webinar-play-1024x576.jpg"},{"@type":"BreadcrumbList","@id":"https:\/\/innovahorsecare.com\/escuela-podologia-equina-espana\/registro\/#breadcrumb","itemListElement":[{"@type":"ListItem","position":1,"name":"Portada","item":"https:\/\/innovahorsecare.com\/escuela-podologia-equina-espana\/"},{"@type":"ListItem","position":2,"name":"Registro"}]},{"@type":"WebSite","@id":"https:\/\/innovahorsecare.com\/escuela-podologia-equina-espana\/#website","url":"https:\/\/innovahorsecare.com\/escuela-podologia-equina-espana\/","name":"Innova Horse Care","description":"Escuela de Podolog\u00eda Equina","publisher":{"@id":"https:\/\/innovahorsecare.com\/escuela-podologia-equina-espana\/#organization"},"potentialAction":[{"@type":"SearchAction","target":{"@type":"EntryPoint","urlTemplate":"https:\/\/innovahorsecare.com\/escuela-podologia-equina-espana\/?s={search_term_string}"},"query-input":{"@type":"PropertyValueSpecification","valueRequired":true,"valueName":"search_term_string"}}],"inLanguage":"es"},{"@type":"Organization","@id":"https:\/\/innovahorsecare.com\/escuela-podologia-equina-espana\/#organization","name":"Innova Horse Care S.L.","url":"https:\/\/innovahorsecare.com\/escuela-podologia-equina-espana\/","logo":{"@type":"ImageObject","inLanguage":"es","@id":"https:\/\/innovahorsecare.com\/escuela-podologia-equina-espana\/#\/schema\/logo\/image\/","url":"https:\/\/innovahorsecare.com\/wp-content\/uploads\/2025\/02\/logo-quadrat.jpg","contentUrl":"https:\/\/innovahorsecare.com\/wp-content\/uploads\/2025\/02\/logo-quadrat.jpg","width":500,"height":500,"caption":"Innova Horse Care S.L."},"image":{"@id":"https:\/\/innovahorsecare.com\/escuela-podologia-equina-espana\/#\/schema\/logo\/image\/"},"sameAs":["https:\/\/www.facebook.com\/profile.php?id=100068337276144&sk=about","https:\/\/www.tiktok.com\/@marcsaca75?is_from_webapp=1&sender_device=pc","https:\/\/www.instagram.com\/innova.horsecare\/"]}]}},"_links":{"self":[{"href":"https:\/\/innovahorsecare.com\/escuela-podologia-equina-espana\/wp-json\/wp\/v2\/pages\/491","targetHints":{"allow":["GET"]}}],"collection":[{"href":"https:\/\/innovahorsecare.com\/escuela-podologia-equina-espana\/wp-json\/wp\/v2\/pages"}],"about":[{"href":"https:\/\/innovahorsecare.com\/escuela-podologia-equina-espana\/wp-json\/wp\/v2\/types\/page"}],"author":[{"embeddable":true,"href":"https:\/\/innovahorsecare.com\/escuela-podologia-equina-espana\/wp-json\/wp\/v2\/users\/2"}],"replies":[{"embeddable":true,"href":"https:\/\/innovahorsecare.com\/escuela-podologia-equina-espana\/wp-json\/wp\/v2\/comments?post=491"}],"version-history":[{"count":0,"href":"https:\/\/innovahorsecare.com\/escuela-podologia-equina-espana\/wp-json\/wp\/v2\/pages\/491\/revisions"}],"wp:attachment":[{"href":"https:\/\/innovahorsecare.com\/escuela-podologia-equina-espana\/wp-json\/wp\/v2\/media?parent=491"}],"curies":[{"name":"wp","href":"https:\/\/api.w.org\/{rel}","templated":true}]}}